{"id":1579,"date":"2025-11-22T16:26:33","date_gmt":"2025-11-22T16:26:33","guid":{"rendered":"https:\/\/avukatsuatozbek.com.tr\/?page_id=1579"},"modified":"2025-11-22T16:26:34","modified_gmt":"2025-11-22T16:26:34","slug":"ucretlendirme-bilgilendirme","status":"publish","type":"page","link":"https:\/\/avukatsuatozbek.com.tr\/en\/ucretlendirme-bilgilendirme\/","title":{"rendered":"Fee Information"},"content":{"rendered":"<p>Avukatl\u0131k \u00fccretleri, T\u00fcrkiye Barolar Birli\u011fi taraf\u0131ndan her y\u0131l yay\u0131mlanan <strong>Avukatl\u0131k Asgari \u00dccret Tarifesi<\/strong> esas al\u0131narak belirlenir.<\/p>\n\n\n\n<p>Dosyalar\u0131n niteli\u011fine, kapsam\u0131na ve i\u015f y\u00fck\u00fcne g\u00f6re \u00fccretlendirme yap\u0131l\u0131r.<br>Kesin \u00fccret bilgisi ve masraflar, y\u00fcz y\u00fcze yap\u0131lan g\u00f6r\u00fc\u015fmede a\u00e7\u0131klanmaktad\u0131r.<\/p>","protected":false},"excerpt":{"rendered":"<p>Avukatl\u0131k \u00fccretleri, T\u00fcrkiye Barolar Birli\u011fi taraf\u0131ndan her y\u0131l yay\u0131mlanan Avukatl\u0131k Asgari \u00dccret Tarifesi esas al\u0131narak belirlenir. Dosyalar\u0131n niteli\u011fine, kapsam\u0131na ve i\u015f y\u00fck\u00fcne g\u00f6re \u00fccretlendirme yap\u0131l\u0131r.Kesin \u00fccret bilgisi ve masraflar, y\u00fcz y\u00fcze yap\u0131lan g\u00f6r\u00fc\u015fmede a\u00e7\u0131klanmaktad\u0131r.<\/p>","protected":false},"author":1,"featured_media":0,"parent":0,"menu_order":0,"comment_status":"closed","ping_status":"closed","template":"","meta":{"_kadence_starter_templates_imported_post":false,"_kad_post_transparent":"","_kad_post_title":"","_kad_post_layout":"","_kad_post_sidebar_id":"","_kad_post_content_style":"","_kad_post_vertical_padding":"","_kad_post_feature":"","_kad_post_feature_position":"","_kad_post_header":false,"_kad_post_footer":false,"_kad_post_classname":"","footnotes":""},"class_list":["post-1579","page","type-page","status-publish","hentry"],"_links":{"self":[{"href":"https:\/\/avukatsuatozbek.com.tr\/en\/wp-json\/wp\/v2\/pages\/1579","targetHints":{"allow":["GET"]}}],"collection":[{"href":"https:\/\/avukatsuatozbek.com.tr\/en\/wp-json\/wp\/v2\/pages"}],"about":[{"href":"https:\/\/avukatsuatozbek.com.tr\/en\/wp-json\/wp\/v2\/types\/page"}],"author":[{"embeddable":true,"href":"https:\/\/avukatsuatozbek.com.tr\/en\/wp-json\/wp\/v2\/users\/1"}],"replies":[{"embeddable":true,"href":"https:\/\/avukatsuatozbek.com.tr\/en\/wp-json\/wp\/v2\/comments?post=1579"}],"version-history":[{"count":0,"href":"https:\/\/avukatsuatozbek.com.tr\/en\/wp-json\/wp\/v2\/pages\/1579\/revisions"}],"wp:attachment":[{"href":"https:\/\/avukatsuatozbek.com.tr\/en\/wp-json\/wp\/v2\/media?parent=1579"}],"curies":[{"name":"wp","href":"https:\/\/api.w.org\/{rel}","templated":true}]}}