{"id":1577,"date":"2025-11-22T16:26:14","date_gmt":"2025-11-22T16:26:14","guid":{"rendered":"https:\/\/avukatsuatozbek.com.tr\/?page_id=1577"},"modified":"2025-11-22T16:26:15","modified_gmt":"2025-11-22T16:26:15","slug":"kullanim-sartlari-yasal-uyari","status":"publish","type":"page","link":"https:\/\/avukatsuatozbek.com.tr\/en\/kullanim-sartlari-yasal-uyari\/","title":{"rendered":"Terms of Use (Legal Notice)"},"content":{"rendered":"<p>Bu internet sitesi, Avukatl\u0131k Kanunu ve T\u00fcrkiye Barolar Birli\u011fi\u2019nin reklam yasa\u011f\u0131 y\u00f6netmeli\u011fine uygun \u015fekilde haz\u0131rlanm\u0131\u015ft\u0131r. Sitede yer alan bilgiler genel hukuki bilgilendirme ama\u00e7l\u0131d\u0131r; somut olaylar i\u00e7in hukuki dan\u0131\u015fmanl\u0131k niteli\u011fi ta\u015f\u0131maz.<\/p>\n\n\n\n<p>Site \u00fczerinden sa\u011flanan i\u00e7erik, reklam, te\u015fvik veya y\u00f6nlendirme amac\u0131 ta\u015f\u0131maz. Ziyaret\u00e7iler bu siteyi kullanarak hukuki sorumlulu\u011fu kendi de\u011ferlendirmelerine g\u00f6re \u00fcstlenmi\u015f say\u0131l\u0131r.<\/p>","protected":false},"excerpt":{"rendered":"<p>Bu internet sitesi, Avukatl\u0131k Kanunu ve T\u00fcrkiye Barolar Birli\u011fi\u2019nin reklam yasa\u011f\u0131 y\u00f6netmeli\u011fine uygun \u015fekilde haz\u0131rlanm\u0131\u015ft\u0131r. Sitede yer alan bilgiler genel hukuki bilgilendirme ama\u00e7l\u0131d\u0131r; somut olaylar i\u00e7in hukuki dan\u0131\u015fmanl\u0131k niteli\u011fi ta\u015f\u0131maz. Site \u00fczerinden sa\u011flanan i\u00e7erik, reklam, te\u015fvik veya y\u00f6nlendirme amac\u0131 ta\u015f\u0131maz. Ziyaret\u00e7iler bu siteyi kullanarak hukuki sorumlulu\u011fu kendi de\u011ferlendirmelerine g\u00f6re \u00fcstlenmi\u015f say\u0131l\u0131r.<\/p>","protected":false},"author":1,"featured_media":0,"parent":0,"menu_order":0,"comment_status":"closed","ping_status":"closed","template":"","meta":{"_kadence_starter_templates_imported_post":false,"_kad_post_transparent":"","_kad_post_title":"","_kad_post_layout":"","_kad_post_sidebar_id":"","_kad_post_content_style":"","_kad_post_vertical_padding":"","_kad_post_feature":"","_kad_post_feature_position":"","_kad_post_header":false,"_kad_post_footer":false,"_kad_post_classname":"","footnotes":""},"class_list":["post-1577","page","type-page","status-publish","hentry"],"_links":{"self":[{"href":"https:\/\/avukatsuatozbek.com.tr\/en\/wp-json\/wp\/v2\/pages\/1577","targetHints":{"allow":["GET"]}}],"collection":[{"href":"https:\/\/avukatsuatozbek.com.tr\/en\/wp-json\/wp\/v2\/pages"}],"about":[{"href":"https:\/\/avukatsuatozbek.com.tr\/en\/wp-json\/wp\/v2\/types\/page"}],"author":[{"embeddable":true,"href":"https:\/\/avukatsuatozbek.com.tr\/en\/wp-json\/wp\/v2\/users\/1"}],"replies":[{"embeddable":true,"href":"https:\/\/avukatsuatozbek.com.tr\/en\/wp-json\/wp\/v2\/comments?post=1577"}],"version-history":[{"count":0,"href":"https:\/\/avukatsuatozbek.com.tr\/en\/wp-json\/wp\/v2\/pages\/1577\/revisions"}],"wp:attachment":[{"href":"https:\/\/avukatsuatozbek.com.tr\/en\/wp-json\/wp\/v2\/media?parent=1577"}],"curies":[{"name":"wp","href":"https:\/\/api.w.org\/{rel}","templated":true}]}}