{"id":1575,"date":"2025-11-22T16:25:58","date_gmt":"2025-11-22T16:25:58","guid":{"rendered":"https:\/\/avukatsuatozbek.com.tr\/?page_id=1575"},"modified":"2025-11-22T16:25:59","modified_gmt":"2025-11-22T16:25:59","slug":"cerez-politikasi","status":"publish","type":"page","link":"https:\/\/avukatsuatozbek.com.tr\/en\/cerez-politikasi\/","title":{"rendered":"Cookie Policy"},"content":{"rendered":"<p>Bu web sitesi, kullan\u0131c\u0131 deneyimini geli\u015ftirmek ve site trafi\u011fini analiz etmek amac\u0131yla \u00e7erezler kullan\u0131r. Taray\u0131c\u0131n\u0131z \u00fczerinden \u00e7erez kullan\u0131m\u0131n\u0131 reddedebilir veya diledi\u011finiz zaman silebilirsiniz.<\/p>\n\n\n\n<p>Kullan\u0131lan \u00e7erez t\u00fcrleri:<\/p>\n\n\n\n<ul class=\"wp-block-list\">\n<li>Zorunlu \u00e7erezler<\/li>\n\n\n\n<li>Performans \u00e7erezleri<\/li>\n\n\n\n<li>Analitik \u00e7erezler<\/li>\n<\/ul>\n\n\n\n<p>Bu \u00e7erezler ki\u015fisel veri niteli\u011finde bilgi toplamaz ve \u00fc\u00e7\u00fcnc\u00fc ki\u015filerle payla\u015f\u0131lmaz.<\/p>","protected":false},"excerpt":{"rendered":"<p>Bu web sitesi, kullan\u0131c\u0131 deneyimini geli\u015ftirmek ve site trafi\u011fini analiz etmek amac\u0131yla \u00e7erezler kullan\u0131r. Taray\u0131c\u0131n\u0131z \u00fczerinden \u00e7erez kullan\u0131m\u0131n\u0131 reddedebilir veya diledi\u011finiz zaman silebilirsiniz. Kullan\u0131lan \u00e7erez t\u00fcrleri: Bu \u00e7erezler ki\u015fisel veri niteli\u011finde bilgi toplamaz ve \u00fc\u00e7\u00fcnc\u00fc ki\u015filerle payla\u015f\u0131lmaz.<\/p>","protected":false},"author":1,"featured_media":0,"parent":0,"menu_order":0,"comment_status":"closed","ping_status":"closed","template":"","meta":{"_kadence_starter_templates_imported_post":false,"_kad_post_transparent":"","_kad_post_title":"","_kad_post_layout":"","_kad_post_sidebar_id":"","_kad_post_content_style":"","_kad_post_vertical_padding":"","_kad_post_feature":"","_kad_post_feature_position":"","_kad_post_header":false,"_kad_post_footer":false,"_kad_post_classname":"","footnotes":""},"class_list":["post-1575","page","type-page","status-publish","hentry"],"_links":{"self":[{"href":"https:\/\/avukatsuatozbek.com.tr\/en\/wp-json\/wp\/v2\/pages\/1575","targetHints":{"allow":["GET"]}}],"collection":[{"href":"https:\/\/avukatsuatozbek.com.tr\/en\/wp-json\/wp\/v2\/pages"}],"about":[{"href":"https:\/\/avukatsuatozbek.com.tr\/en\/wp-json\/wp\/v2\/types\/page"}],"author":[{"embeddable":true,"href":"https:\/\/avukatsuatozbek.com.tr\/en\/wp-json\/wp\/v2\/users\/1"}],"replies":[{"embeddable":true,"href":"https:\/\/avukatsuatozbek.com.tr\/en\/wp-json\/wp\/v2\/comments?post=1575"}],"version-history":[{"count":0,"href":"https:\/\/avukatsuatozbek.com.tr\/en\/wp-json\/wp\/v2\/pages\/1575\/revisions"}],"wp:attachment":[{"href":"https:\/\/avukatsuatozbek.com.tr\/en\/wp-json\/wp\/v2\/media?parent=1575"}],"curies":[{"name":"wp","href":"https:\/\/api.w.org\/{rel}","templated":true}]}}