{"id":1573,"date":"2025-11-22T16:25:42","date_gmt":"2025-11-22T16:25:42","guid":{"rendered":"https:\/\/avukatsuatozbek.com.tr\/?page_id=1573"},"modified":"2025-11-22T16:25:43","modified_gmt":"2025-11-22T16:25:43","slug":"kvkk-aydinlatma-metni","status":"publish","type":"page","link":"https:\/\/avukatsuatozbek.com.tr\/en\/kvkk-aydinlatma-metni\/","title":{"rendered":"Personal Data Protection Notice"},"content":{"rendered":"<p><strong>Lawyer Suat \u00d6zbek<\/strong> olarak ki\u015fisel verileriniz; 6698 say\u0131l\u0131 Ki\u015fisel Verilerin Korunmas\u0131 Kanunu kapsam\u0131nda, hukuki i\u015flemlerinizin y\u00fcr\u00fct\u00fclmesi, ileti\u015fim sa\u011flanmas\u0131, dava ve dan\u0131\u015fmanl\u0131k hizmetlerinin sunulmas\u0131 ama\u00e7lar\u0131yla i\u015flenmektedir.<\/p>\n\n\n\n<p>Ki\u015fisel verileriniz; yarg\u0131 mercileri, icra daireleri, baro birimleri ve zorunlu kamu kurumlar\u0131yla payla\u015f\u0131labilir. T\u00fcm veriler kanuna uygun \u015fekilde korunmakta ve \u00fc\u00e7\u00fcnc\u00fc ki\u015filerle payla\u015f\u0131lmamaktad\u0131r.<\/p>\n\n\n\n<p>Ki\u015fisel veri sahibi olarak; verilerinize eri\u015fme, d\u00fczelttirme, silme ve i\u015flenmesine itiraz etme haklar\u0131n\u0131z bulunmaktad\u0131r.<\/p>","protected":false},"excerpt":{"rendered":"<p>Avukat Suat \u00d6zbek olarak ki\u015fisel verileriniz; 6698 say\u0131l\u0131 Ki\u015fisel Verilerin Korunmas\u0131 Kanunu kapsam\u0131nda, hukuki i\u015flemlerinizin y\u00fcr\u00fct\u00fclmesi, ileti\u015fim sa\u011flanmas\u0131, dava ve dan\u0131\u015fmanl\u0131k hizmetlerinin sunulmas\u0131 ama\u00e7lar\u0131yla i\u015flenmektedir. Ki\u015fisel verileriniz; yarg\u0131 mercileri, icra daireleri, baro birimleri ve zorunlu kamu kurumlar\u0131yla payla\u015f\u0131labilir. T\u00fcm veriler kanuna uygun \u015fekilde korunmakta ve \u00fc\u00e7\u00fcnc\u00fc ki\u015filerle payla\u015f\u0131lmamaktad\u0131r. Ki\u015fisel veri sahibi olarak; verilerinize eri\u015fme, d\u00fczelttirme,&#8230;<\/p>","protected":false},"author":1,"featured_media":0,"parent":0,"menu_order":0,"comment_status":"closed","ping_status":"closed","template":"","meta":{"_kadence_starter_templates_imported_post":false,"_kad_post_transparent":"","_kad_post_title":"","_kad_post_layout":"","_kad_post_sidebar_id":"","_kad_post_content_style":"","_kad_post_vertical_padding":"","_kad_post_feature":"","_kad_post_feature_position":"","_kad_post_header":false,"_kad_post_footer":false,"_kad_post_classname":"","footnotes":""},"class_list":["post-1573","page","type-page","status-publish","hentry"],"_links":{"self":[{"href":"https:\/\/avukatsuatozbek.com.tr\/en\/wp-json\/wp\/v2\/pages\/1573","targetHints":{"allow":["GET"]}}],"collection":[{"href":"https:\/\/avukatsuatozbek.com.tr\/en\/wp-json\/wp\/v2\/pages"}],"about":[{"href":"https:\/\/avukatsuatozbek.com.tr\/en\/wp-json\/wp\/v2\/types\/page"}],"author":[{"embeddable":true,"href":"https:\/\/avukatsuatozbek.com.tr\/en\/wp-json\/wp\/v2\/users\/1"}],"replies":[{"embeddable":true,"href":"https:\/\/avukatsuatozbek.com.tr\/en\/wp-json\/wp\/v2\/comments?post=1573"}],"version-history":[{"count":0,"href":"https:\/\/avukatsuatozbek.com.tr\/en\/wp-json\/wp\/v2\/pages\/1573\/revisions"}],"wp:attachment":[{"href":"https:\/\/avukatsuatozbek.com.tr\/en\/wp-json\/wp\/v2\/media?parent=1573"}],"curies":[{"name":"wp","href":"https:\/\/api.w.org\/{rel}","templated":true}]}}