{"id":1569,"date":"2025-11-22T16:25:02","date_gmt":"2025-11-22T16:25:02","guid":{"rendered":"https:\/\/avukatsuatozbek.com.tr\/?page_id=1569"},"modified":"2025-11-22T16:25:03","modified_gmt":"2025-11-22T16:25:03","slug":"muvekkil-haklari","status":"publish","type":"page","link":"https:\/\/avukatsuatozbek.com.tr\/en\/muvekkil-haklari\/","title":{"rendered":"Client Rights"},"content":{"rendered":"<p><strong>Avukat \u2013 M\u00fcvekkil \u0130li\u015fkisine Dair Temel Haklar:<\/strong><\/p>\n\n\n\n<ul class=\"wp-block-list\">\n<li>M\u00fcvekkil, davas\u0131n\u0131n her a\u015famas\u0131 hakk\u0131nda d\u00fczenli bilgi alma hakk\u0131na sahiptir.<\/li>\n\n\n\n<li>Avukat, m\u00fcvekkilin dosyas\u0131ndaki t\u00fcm bilgi ve belgeleri gizli tutmakla y\u00fck\u00fcml\u00fcd\u00fcr.<\/li>\n\n\n\n<li>M\u00fcvekkil, hukuki s\u00fcreci a\u00e7\u0131k \u015fekilde \u00f6\u011frenme ve anlamad\u0131\u011f\u0131 konular\u0131 sorma hakk\u0131na sahiptir.<\/li>\n\n\n\n<li>Avukatl\u0131k \u00fccreti ve t\u00fcm masraflar \u015feffaf \u015fekilde a\u00e7\u0131klanmal\u0131d\u0131r.<\/li>\n\n\n\n<li>M\u00fcvekkil, dilek\u00e7e, belge ve s\u00fcre\u00e7leri inceleme hakk\u0131na sahiptir.<\/li>\n\n\n\n<li>Avukat, m\u00fcvekkilin \u00e7\u0131karlar\u0131n\u0131 sadakatle korumak zorundad\u0131r.<\/li>\n\n\n\n<li>M\u00fcvekkil, dava stratejisi hakk\u0131nda bilgilendirilme hakk\u0131na sahiptir.<\/li>\n<\/ul>","protected":false},"excerpt":{"rendered":"<p>Avukat \u2013 M\u00fcvekkil \u0130li\u015fkisine Dair Temel Haklar:<\/p>","protected":false},"author":1,"featured_media":0,"parent":0,"menu_order":0,"comment_status":"closed","ping_status":"closed","template":"","meta":{"_kadence_starter_templates_imported_post":false,"_kad_post_transparent":"","_kad_post_title":"","_kad_post_layout":"","_kad_post_sidebar_id":"","_kad_post_content_style":"","_kad_post_vertical_padding":"","_kad_post_feature":"","_kad_post_feature_position":"","_kad_post_header":false,"_kad_post_footer":false,"_kad_post_classname":"","footnotes":""},"class_list":["post-1569","page","type-page","status-publish","hentry"],"_links":{"self":[{"href":"https:\/\/avukatsuatozbek.com.tr\/en\/wp-json\/wp\/v2\/pages\/1569","targetHints":{"allow":["GET"]}}],"collection":[{"href":"https:\/\/avukatsuatozbek.com.tr\/en\/wp-json\/wp\/v2\/pages"}],"about":[{"href":"https:\/\/avukatsuatozbek.com.tr\/en\/wp-json\/wp\/v2\/types\/page"}],"author":[{"embeddable":true,"href":"https:\/\/avukatsuatozbek.com.tr\/en\/wp-json\/wp\/v2\/users\/1"}],"replies":[{"embeddable":true,"href":"https:\/\/avukatsuatozbek.com.tr\/en\/wp-json\/wp\/v2\/comments?post=1569"}],"version-history":[{"count":0,"href":"https:\/\/avukatsuatozbek.com.tr\/en\/wp-json\/wp\/v2\/pages\/1569\/revisions"}],"wp:attachment":[{"href":"https:\/\/avukatsuatozbek.com.tr\/en\/wp-json\/wp\/v2\/media?parent=1569"}],"curies":[{"name":"wp","href":"https:\/\/api.w.org\/{rel}","templated":true}]}}