{"id":1567,"date":"2025-11-22T16:24:41","date_gmt":"2025-11-22T16:24:41","guid":{"rendered":"https:\/\/avukatsuatozbek.com.tr\/?page_id=1567"},"modified":"2025-11-22T16:24:42","modified_gmt":"2025-11-22T16:24:42","slug":"sertifikalar-egitimler","status":"publish","type":"page","link":"https:\/\/avukatsuatozbek.com.tr\/en\/sertifikalar-egitimler\/","title":{"rendered":"Certifications &amp; Trainings"},"content":{"rendered":"<p>Mu\u011fla Barosu Staj E\u011fitimi<\/p>\n\n\n\n<p>Ceza Hukuku ve Uygulamalar\u0131 Sertifikas\u0131<\/p>\n\n\n\n<p>Aile Hukuku ve Bo\u015fanma Davalar\u0131 E\u011fitimi<\/p>\n\n\n\n<p>\u0130\u015f Hukuku ve Arabuluculuk S\u00fcreci E\u011fitimi<\/p>\n\n\n\n<p>\u0130cra\u2013\u0130flas Hukuku Uzmanl\u0131k Semineri<\/p>\n\n\n\n<p>Miras Hukuku ve Tapu Uyu\u015fmazl\u0131klar\u0131 Seminerleri<\/p>\n\n\n\n<p>KVKK Uyum Sertifikas\u0131<\/p>\n\n\n\n<p>Arabuluculuk E\u011fitimi <\/p>\n\n\n\n<p>S\u00fcrekli meslek i\u00e7i e\u011fitim programlar\u0131<\/p>\n\n\n\n<p>Hukuk fak\u00fcltesi mezuniyet bilgisi<\/p>","protected":false},"excerpt":{"rendered":"<p>Mu\u011fla Barosu Staj E\u011fitimi Ceza Hukuku ve Uygulamalar\u0131 Sertifikas\u0131 Aile Hukuku ve Bo\u015fanma Davalar\u0131 E\u011fitimi \u0130\u015f Hukuku ve Arabuluculuk S\u00fcreci E\u011fitimi \u0130cra\u2013\u0130flas Hukuku Uzmanl\u0131k Semineri Miras Hukuku ve Tapu Uyu\u015fmazl\u0131klar\u0131 Seminerleri KVKK Uyum Sertifikas\u0131 Arabuluculuk E\u011fitimi S\u00fcrekli meslek i\u00e7i e\u011fitim programlar\u0131 Hukuk fak\u00fcltesi mezuniyet bilgisi<\/p>","protected":false},"author":1,"featured_media":0,"parent":0,"menu_order":0,"comment_status":"closed","ping_status":"closed","template":"","meta":{"_kadence_starter_templates_imported_post":false,"_kad_post_transparent":"","_kad_post_title":"","_kad_post_layout":"","_kad_post_sidebar_id":"","_kad_post_content_style":"","_kad_post_vertical_padding":"","_kad_post_feature":"","_kad_post_feature_position":"","_kad_post_header":false,"_kad_post_footer":false,"_kad_post_classname":"","footnotes":""},"class_list":["post-1567","page","type-page","status-publish","hentry"],"_links":{"self":[{"href":"https:\/\/avukatsuatozbek.com.tr\/en\/wp-json\/wp\/v2\/pages\/1567","targetHints":{"allow":["GET"]}}],"collection":[{"href":"https:\/\/avukatsuatozbek.com.tr\/en\/wp-json\/wp\/v2\/pages"}],"about":[{"href":"https:\/\/avukatsuatozbek.com.tr\/en\/wp-json\/wp\/v2\/types\/page"}],"author":[{"embeddable":true,"href":"https:\/\/avukatsuatozbek.com.tr\/en\/wp-json\/wp\/v2\/users\/1"}],"replies":[{"embeddable":true,"href":"https:\/\/avukatsuatozbek.com.tr\/en\/wp-json\/wp\/v2\/comments?post=1567"}],"version-history":[{"count":0,"href":"https:\/\/avukatsuatozbek.com.tr\/en\/wp-json\/wp\/v2\/pages\/1567\/revisions"}],"wp:attachment":[{"href":"https:\/\/avukatsuatozbek.com.tr\/en\/wp-json\/wp\/v2\/media?parent=1567"}],"curies":[{"name":"wp","href":"https:\/\/api.w.org\/{rel}","templated":true}]}}