{"id":1565,"date":"2025-11-22T16:24:03","date_gmt":"2025-11-22T16:24:03","guid":{"rendered":"https:\/\/avukatsuatozbek.com.tr\/?page_id=1565"},"modified":"2025-11-22T16:24:04","modified_gmt":"2025-11-22T16:24:04","slug":"vizyon-misyon","status":"publish","type":"page","link":"https:\/\/avukatsuatozbek.com.tr\/en\/vizyon-misyon\/","title":{"rendered":"Vision &amp; Mission"},"content":{"rendered":"<h3 class=\"wp-block-heading\"><strong>Vizyon<\/strong><\/h3>\n\n\n\n<p>Hukuki s\u00fcre\u00e7lerde g\u00fcvenilirli\u011fi, etik \u00e7al\u0131\u015fmay\u0131 ve profesyonelli\u011fi temel alarak, Mu\u011fla b\u00f6lgesinde vatanda\u015flar\u0131n ba\u015fvurabilece\u011fi g\u00fc\u00e7l\u00fc ve ula\u015f\u0131labilir bir hukuk hizmeti sunmak.<\/p>\n\n\n\n<h3 class=\"wp-block-heading\"><strong>Misyon<\/strong><\/h3>\n\n\n\n<p>Her m\u00fcvekkilin dosyas\u0131n\u0131 ki\u015fiye \u00f6zel yakla\u015f\u0131m ile de\u011ferlendirmek, hukuki haklar\u0131n\u0131 titizlikle korumak ve s\u00fcre\u00e7 boyunca a\u00e7\u0131k, \u015feffaf ileti\u015fim sa\u011flamak. Amac\u0131m\u0131z, m\u00fcvekkilin en do\u011fru sonuca ula\u015fmas\u0131n\u0131 kolayla\u015ft\u0131ran h\u0131zl\u0131 ve etkili \u00e7\u00f6z\u00fcm yollar\u0131 \u00fcretmektir<\/p>","protected":false},"excerpt":{"rendered":"<p>Vizyon Hukuki s\u00fcre\u00e7lerde g\u00fcvenilirli\u011fi, etik \u00e7al\u0131\u015fmay\u0131 ve profesyonelli\u011fi temel alarak, Mu\u011fla b\u00f6lgesinde vatanda\u015flar\u0131n ba\u015fvurabilece\u011fi g\u00fc\u00e7l\u00fc ve ula\u015f\u0131labilir bir hukuk hizmeti sunmak. Misyon Her m\u00fcvekkilin dosyas\u0131n\u0131 ki\u015fiye \u00f6zel yakla\u015f\u0131m ile de\u011ferlendirmek, hukuki haklar\u0131n\u0131 titizlikle korumak ve s\u00fcre\u00e7 boyunca a\u00e7\u0131k, \u015feffaf ileti\u015fim sa\u011flamak. Amac\u0131m\u0131z, m\u00fcvekkilin en do\u011fru sonuca ula\u015fmas\u0131n\u0131 kolayla\u015ft\u0131ran h\u0131zl\u0131 ve etkili \u00e7\u00f6z\u00fcm yollar\u0131 \u00fcretmektir<\/p>","protected":false},"author":1,"featured_media":0,"parent":0,"menu_order":0,"comment_status":"closed","ping_status":"closed","template":"","meta":{"_kadence_starter_templates_imported_post":false,"_kad_post_transparent":"","_kad_post_title":"","_kad_post_layout":"","_kad_post_sidebar_id":"","_kad_post_content_style":"","_kad_post_vertical_padding":"","_kad_post_feature":"","_kad_post_feature_position":"","_kad_post_header":false,"_kad_post_footer":false,"_kad_post_classname":"","footnotes":""},"class_list":["post-1565","page","type-page","status-publish","hentry"],"_links":{"self":[{"href":"https:\/\/avukatsuatozbek.com.tr\/en\/wp-json\/wp\/v2\/pages\/1565","targetHints":{"allow":["GET"]}}],"collection":[{"href":"https:\/\/avukatsuatozbek.com.tr\/en\/wp-json\/wp\/v2\/pages"}],"about":[{"href":"https:\/\/avukatsuatozbek.com.tr\/en\/wp-json\/wp\/v2\/types\/page"}],"author":[{"embeddable":true,"href":"https:\/\/avukatsuatozbek.com.tr\/en\/wp-json\/wp\/v2\/users\/1"}],"replies":[{"embeddable":true,"href":"https:\/\/avukatsuatozbek.com.tr\/en\/wp-json\/wp\/v2\/comments?post=1565"}],"version-history":[{"count":0,"href":"https:\/\/avukatsuatozbek.com.tr\/en\/wp-json\/wp\/v2\/pages\/1565\/revisions"}],"wp:attachment":[{"href":"https:\/\/avukatsuatozbek.com.tr\/en\/wp-json\/wp\/v2\/media?parent=1565"}],"curies":[{"name":"wp","href":"https:\/\/api.w.org\/{rel}","templated":true}]}}